{"id":45,"date":"2018-11-12T15:24:04","date_gmt":"2018-11-12T15:24:04","guid":{"rendered":"http:\/\/feuerwehr-weserdeich.de\/?page_id=45"},"modified":"2019-03-13T14:02:10","modified_gmt":"2019-03-13T14:02:10","slug":"impressum","status":"publish","type":"page","link":"https:\/\/feuerwehr-weserdeich.de\/?page_id=45","title":{"rendered":"Impressum"},"content":{"rendered":"<p>HERAUSGEBER UND VERANTWORTLICHKEIT (\u00a7\u00a7 6, 10 MDStV)<br \/>\nFreiwillige Feuerwehr Berne &#8211; Ortsfeuerwehr Weserdeich<br \/>\nDer Ortsbrandmeister<\/p>\n<p>Deichstra\u00dfe 51A, Feuerwehrhaus<br \/>\n27804 Berne<\/p>\n<p>Telefon: 04406 1760<br \/>\nE-Mail an die<a href=\"mailto:info@feuerwehr-weserdeich.de\" target=\"_blank\" rel=\"noopener noreferrer\"> Feuerwehr Weserdeich<\/a><\/p>\n<h4 class=\"mb20--xs font--bold mt20--xs\"><strong>Provider: <\/strong>STRATO AG<\/h4>\n<dl class=\"row\">\n<dd class=\"col-sm-15 mt20--sm\">\n<dl class=\"row\">\n<dt class=\"col-sm-5\">Sitz der Aktiengesellschaft:<\/dt>\n<\/dl>\n<dl class=\"row\">\n<dd class=\"col-sm-15\">Pascalstra\u00dfe 10<br \/>\n10587 Berlin<\/dd>\n<\/dl>\n<dl class=\"row\">\n<dt class=\"col-sm-5 mt20--xs\">Telefon:\u00a0\u00a0 030-300 146 0<\/dt>\n<\/dl>\n<dl class=\"row\">\n<dt class=\"col-sm-5 mt20--xs\">Fax:\u00a0 030\u2013886 15 111<\/dt>\n<\/dl>\n<dl class=\"row\">\n<dt class=\"col-sm-5 mt20--xs\">E-Mail-Kontakt:\u00a0 impressum@strato.de<\/dt>\n<\/dl>\n<dl class=\"row\">\n<dt class=\"col-sm-5 mt20--xs\">Registergericht:<\/dt>\n<\/dl>\n<dl class=\"row\">\n<dd class=\"col-sm-15 mt20--sm\">Berlin Charlottenburg HRB 79450<\/dd>\n<\/dl>\n<dl class=\"row\">\n<dt class=\"col-sm-5 mt20--xs\">USt-ID-Nr.:\u00a0 DE 211 045 709<\/dt>\n<\/dl>\n<\/dd>\n<\/dl>\n<p><b>Hinweis zu allen Links auf den Seiten dieser Homepage:<\/b><br \/>\nMit Urteil vom 12. Mai 1998 \u2013 312 O 85\/98 \u2013 \u201eHaftung f\u00fcr Links\u201c hat das Landgericht Hamburg entschieden, dass man durch einen Link auf eine andere Homepage deren Inhalte ggf. mit zu verantworten hat. Dies kann laut Landgericht Hamburg nur verhindert werden, indem man sich ausdr\u00fccklich von diesen Inhalten distanziert.<\/p>\n<p>HAFTUNGSAUSSCHLUSS<br \/>\nInhalt des Onlineangebotes<br \/>\nDie Freiwillige Feuerwehr Berne &#8211; Ortsfeuerwehr Weserdeich \u00fcbernimmt keinerlei Gew\u00e4hr f\u00fcr die Aktualit\u00e4t, Korrektheit, Vollst\u00e4ndigkeit oder Qualit\u00e4t der bereitgestellten Informationen. Haftungsanspr\u00fcche gegen die Freiwillige Feuerwehr Berne &#8211; Ortsfeuerwehr Weserdeich, welche sich auf Sch\u00e4den materieller oder ideeller Art beziehen, die durch die Nutzung oder Nichtnutzung der dargebotenen Informationen bzw. durch die Nutzung fehlerhafter und unvollst\u00e4ndiger Informationen verursacht wurden, sind grunds\u00e4tzlich ausgeschlossen, sofern seitens der Freiwilligen Feuerwehr Berne &#8211; Ortsfeuerwehr Weserdeich kein nachweislich vors\u00e4tzliches oder grob fahrl\u00e4ssiges Verschulden vorliegt. Alle Angebote sind freibleibend und unverbindlich. Die Freiwillige Feuerwehr Berne &#8211; Ortsfeuerwehr Weserdeich beh\u00e4lt es sich ausdr\u00fccklich vor, Teile der Seiten oder das gesamte Angebot ohne gesonderte Ank\u00fcndigung zu ver\u00e4ndern, zu erg\u00e4nzen, zu l\u00f6schen oder die Ver\u00f6ffentlichung zeitweise oder endg\u00fcltig einzustellen.<br \/>\nVerweise und Links<br \/>\nBei direkten oder indirekten Verweisen auf fremde Internetseiten (&#8222;Links&#8220;), die au\u00dferhalb des Verantwortungsbereiches der Freiwilligen Feuerwehr Berne &#8211; Ortsfeuerwehr Weserdeich liegen, w\u00fcrde eine Haftungsverpflichtung ausschlie\u00dflich in dem Fall in Kraft treten, in dem die Freiwillige Feuerwehr Berne &#8211; Ortsfeuerwehr Weserdeich von den Inhalten Kenntnis hat und es ihr technisch m\u00f6glich und zumutbar w\u00e4re, die Nutzung im Falle rechtswidriger Inhalte zu verhindern. Die Freiwillige Feuerwehr Berne &#8211; Ortsfeuerwehr Weserdeich erkl\u00e4rt hiermit ausdr\u00fccklich, dass zum Zeitpunkt der Linksetzung keine illegalen Inhalte auf den zu verlinkenden Seiten erkennbar waren. Auf die aktuelle und zuk\u00fcnftige Gestaltung, die Inhalte oder die Urheberschaft der gelinkten\/verkn\u00fcpften Seiten hat die Freiwillige Feuerwehr Berne &#8211; Ortsfeuerwehr Weserdeich keinerlei Einfluss. Deshalb distanziert sie sich hiermit ausdr\u00fccklich von allen Inhalten aller gelinkten\/verkn\u00fcpften Seiten, die nach der Linksetzung ver\u00e4ndert wurden. Diese Feststellung gilt f\u00fcr alle innerhalb des eigenen Internetangebotes gesetzten Links und Verweise sowie f\u00fcr Fremdeintr\u00e4ge in der von der Freiwilligen Feuerwehr Berne &#8211; Ortsfeuerwehr Weserdeich eingerichteten G\u00e4steb\u00fcchern, Diskussionsforen und Mailinglisten. F\u00fcr illegale, fehlerhafte oder unvollst\u00e4ndige Inhalte und insbesondere f\u00fcr Sch\u00e4den, die aus der Nutzung oder Nichtnutzung solcherart dargebotener Informationen entstehen, haftet allein der Anbieter der Seite, auf welche verwiesen wurde, nicht derjenige, der \u00fcber Links auf die jeweilige Ver\u00f6ffentlichung lediglich verweist.<br \/>\nUrheber- und Kennzeichnungsrecht<br \/>\nDie Freiwillige Feuerwehr Berne &#8211; Ortsfeuerwehr Weserdeich ist bestrebt, in allen Publikationen die Urheberrechte der verwendeten Grafiken, Tondokumente, Videosequenzen und Texte zu beachten, von ihm selbst erstellte Grafiken, Tondokumente, Videosequenzen und Texte zu nutzen oder auf lizenzfreie Grafiken, Tondokumente, Videosequenzen und Texte zur\u00fcckzugreifen. Alle innerhalb des Internetangebotes genannten und ggf. durch Dritte gesch\u00fctzten Marken- und Warenzeichen unterliegen uneingeschr\u00e4nkt den Bestimmungen des jeweils g\u00fcltigen Kennzeichnungsrechts und den Besitzrechten der jeweiligen eingetragenen Eigent\u00fcmer. Allein aufgrund der blo\u00dfen Nennung ist nicht der Schlu\u00df zu ziehen, dass Markenzeichen nicht durch Rechte Dritter gesch\u00fctzt sind! Das Copyright f\u00fcr ver\u00f6ffentlichte, von der Freiwilligen Feuerwehr Berne &#8211; Ortsfeuerwehr Weserdeich selbst erstellte Objekte bleibt allein bei dem Autoren der Seiten. Eine Vervielf\u00e4ltigung oder Verwendung solcher Grafiken, Tondokumente, Videosequenzen und Texte in anderen elektronischen oder gedruckten Publikationen ist ohne ausdr\u00fcckliche Zustimmung der Freiwilligen Feuerwehr Berne &#8211; Ortsfeuerwehr Weserdeich nicht gestattet.<br \/>\nUrheberrechtshinweis<br \/>\nAlle Rechte vorbehalten, Freiwillige Feuerwehr Berne &#8211; Ortsfeuerwehr Weserdeich, 27804 Berne.<br \/>\nDiese Dokumente\/Internetseiten einschlie\u00dflich aller ihrer Teile sind urheberrechtlich gesch\u00fctzt. Sie d\u00fcrfen nur zum privaten und nichtgewerblichen Gebrauch zum Zweck der Information kopiert und ausgedruckt werden, wenn sie den Urheberrechts- und Copyright-Hinweis enthalten. Die Freiwillige Feuerwehr Berne &#8211; Ortsfeuerwehr Weserdeich beh\u00e4lt sich das Recht vor, diese Erlaubnis jederzeit zu widerrufen. Ohne vorherige schriftliche Genehmigung der Freiwilligen Feuerwehr Berne &#8211; Ortsfeuerwehr Weserdeich d\u00fcrfen diese Dokumente\/Internetseiten nicht vervielf\u00e4ltigt, archiviert, auf einem anderen Server gespeichert, in Newsgruppen einbezogen, in Online-Diensten benutzt oder auf einer CD-ROM oder anderen Datentr\u00e4gern gespeichert werden. Sie d\u00fcrfen jedoch in einen Cache oder einen Proxy-Server zur Optimierung der Zugriffsgeschwindigkeit kopiert werden.<br \/>\nWir begr\u00fc\u00dfen und erlauben ausdr\u00fccklich das Setzen von Links auf unsere Internetadresse (www.feuerwehr-weserdeich.de). Wir bitten, m\u00f6glichst den Banner der Freiwilligen Feuerwehr Berne &#8211; Ortsfeuerwehr Weserdeich, welcher unter der Rubrik &#8222;Download&#8220; heruntergeladen werden kann, zu benutzen.<br \/>\nDatenschutz<br \/>\nSofern innerhalb des Internetangebotes die M\u00f6glichkeit zur Eingabe pers\u00f6nlicher oder gesch\u00e4ftlicher Daten (Emailadressen, Namen, Anschriften) besteht, so erfolgt die Preisgabe dieser Daten seitens des Nutzers auf ausdr\u00fccklich freiwilliger Basis. Die Inanspruchnahme und Bezahlung aller angebotenen Dienste ist &#8211; soweit technisch m\u00f6glich und zumutbar &#8211; auch ohne Angabe solcher Daten bzw. unter Angabe anonymisierter Daten oder eines Pseudonyms gestattet.<br \/>\nRechtswirksamkeit des Haftungsausschlusses<br \/>\nDieser Haftungsausschluss ist als Teil des Internetangebotes zu betrachten, von dem aus auf diese Seite verwiesen wurde. Sofern Teile oder einzelne Formulierungen dieses Textes der geltenden Rechtslage nicht, nicht mehr oder nicht vollst\u00e4ndig entsprechen sollten, bleiben die \u00fcbrigen Teile des Dokumentes in ihrem Inhalt und ihrer G\u00fcltigkeit davon unber\u00fchrt.<\/p>\n","protected":false},"excerpt":{"rendered":"<p>HERAUSGEBER UND VERANTWORTLICHKEIT (\u00a7\u00a7 6, 10 MDStV) Freiwillige Feuerwehr Berne &#8211; Ortsfeuerwehr Weserdeich Der Ortsbrandmeister Deichstra\u00dfe 51A, Feuerwehrhaus 27804 Berne Telefon: 04406 1760 E-Mail an die Feuerwehr Weserdeich Provider: STRATO AG Sitz der Aktiengesellschaft: Pascalstra\u00dfe 10 10587 Berlin Telefon:\u00a0\u00a0 030-300 146 0 Fax:\u00a0 030\u2013886 15 111 E-Mail-Kontakt:\u00a0 impressum@strato.de Registergericht: Berlin Charlottenburg HRB 79450 USt-ID-Nr.:\u00a0 DE &hellip; <a href=\"https:\/\/feuerwehr-weserdeich.de\/?page_id=45\" class=\"more-link\"><span class=\"screen-reader-text\">Impressum<\/span> weiterlesen<\/a><\/p>\n","protected":false},"author":1,"featured_media":0,"parent":0,"menu_order":0,"comment_status":"closed","ping_status":"closed","template":"","meta":{"footnotes":""},"_links":{"self":[{"href":"https:\/\/feuerwehr-weserdeich.de\/index.php?rest_route=\/wp\/v2\/pages\/45"}],"collection":[{"href":"https:\/\/feuerwehr-weserdeich.de\/index.php?rest_route=\/wp\/v2\/pages"}],"about":[{"href":"https:\/\/feuerwehr-weserdeich.de\/index.php?rest_route=\/wp\/v2\/types\/page"}],"author":[{"embeddable":true,"href":"https:\/\/feuerwehr-weserdeich.de\/index.php?rest_route=\/wp\/v2\/users\/1"}],"replies":[{"embeddable":true,"href":"https:\/\/feuerwehr-weserdeich.de\/index.php?rest_route=%2Fwp%2Fv2%2Fcomments&post=45"}],"version-history":[{"count":5,"href":"https:\/\/feuerwehr-weserdeich.de\/index.php?rest_route=\/wp\/v2\/pages\/45\/revisions"}],"predecessor-version":[{"id":243,"href":"https:\/\/feuerwehr-weserdeich.de\/index.php?rest_route=\/wp\/v2\/pages\/45\/revisions\/243"}],"wp:attachment":[{"href":"https:\/\/feuerwehr-weserdeich.de\/index.php?rest_route=%2Fwp%2Fv2%2Fmedia&parent=45"}],"curies":[{"name":"wp","href":"https:\/\/api.w.org\/{rel}","templated":true}]}}