{"id":41,"date":"2018-11-12T15:23:36","date_gmt":"2018-11-12T15:23:36","guid":{"rendered":"http:\/\/feuerwehr-weserdeich.de\/?page_id=41"},"modified":"2018-11-13T14:01:34","modified_gmt":"2018-11-13T14:01:34","slug":"kinderfeuerwehr","status":"publish","type":"page","link":"https:\/\/feuerwehr-weserdeich.de\/?page_id=41","title":{"rendered":"Kinderfeuerwehr"},"content":{"rendered":"<p><img loading=\"lazy\" decoding=\"async\" class=\"alignnone size-full wp-image-116\" src=\"http:\/\/feuerwehr-weserdeich.de\/wp-content\/uploads\/2018\/11\/Logo-Weserdeich-Kinderfeuerwehr.jpg\" alt=\"\" width=\"602\" height=\"768\" srcset=\"https:\/\/feuerwehr-weserdeich.de\/wp-content\/uploads\/2018\/11\/Logo-Weserdeich-Kinderfeuerwehr.jpg 602w, https:\/\/feuerwehr-weserdeich.de\/wp-content\/uploads\/2018\/11\/Logo-Weserdeich-Kinderfeuerwehr-235x300.jpg 235w\" sizes=\"(max-width: 602px) 100vw, 602px\" \/><\/p>\n<p>&nbsp;<\/p>\n<p style=\"text-align: left;\">Liebe Eltern,<br \/>\nauf diesem Weg gibt es von uns einige Informationen zur Kinderfeuerwehr Weserdeich.<br \/>\nDie Kinderfeuerwehr findet im Feuerwehrhaus Weserdeich erstmals am 11.09.2015 in der Zeit von 17 \u2013 18.30 Uhr statt. Die weiteren Termine k\u00f6nnen der Rubrik \u201eTermine\u201c im Bereich \u201eKinderfeuerwehr\u201c eingesehen werden. Soweit unsere Planung es zul\u00e4sst, werden wir auch die geplanten Themen hinterlegen.<br \/>\nDamit die Kinder nicht an eigene Getr\u00e4nke denken m\u00fcssen, bitten wir um einen Beitrag von 1 \u20ac pro Kind und Termin. Danke. Dieser kann auch als \u201eJahresbeitrag\u201c bezahlt werden.<\/p>\n<p>Aus versicherungstechnischen Gr\u00fcnden ben\u00f6tigen wir von Ihnen ein paar Angaben. Hierzu f\u00fcllen Sie bitte den Antrag zur Aufnahme in die Kinderfeuerwehr und die Einverst\u00e4ndniserkl\u00e4rung f\u00fcr Foto und Film etc. unter der Rubrik \u201eFormulare\u201c aus. Diese sind bei der ersten Teilnahme bitte ausgef\u00fcllt mitzubringen, damit wir die 90 Minuten auch vollst\u00e4ndig nutzen k\u00f6nnen. Wir bieten die ersten 2 Termine als Schnuppertermine an. Ab dem 3. Termin ist die Anmeldung verpflichtend, die Teilnehmerzahl m\u00fcssen wir aus Platzgr\u00fcnden leider begrenzen. Wie hoch diese sein wird, wird sich noch genau nach den ersten Terminen ergeben. Wir werden auch eine Warteliste anlegen.<\/p>\n<p>W\u00e4hrend der Termine sind wir im Feuerwehrhaus unter der Telefonnummer 04406-1760 zu erreichen. Au\u00dferhalb der Termine ist Sabine Paczkowski unter der Telefonnummer 017624241413 (17 \u2013 20 Uhr) oder per E-Mail unter Info zu erreichen.<\/p>\n<p>Noch ein Hinweis: Die Einfahrt zum Feuerwehrhaus Weserdeich ist sehr schmal ist und es stehen nur wenige Parkm\u00f6glichkeiten zur Verf\u00fcgung. Es ist darauf zu achten, das die Ein- und Ausfahrt zur Feuerwehr frei bleibt (Alarm).<\/p>\n<p>Euer Team der Kinderfeuerwehr Weserdeich<\/p>\n<p>Joost, Marion, Michael, Mirko, Sandra, Pia und Sabine<\/p>\n<p style=\"text-align: center;\">Dienstplan ( in Arbeit )<\/p>\n<p style=\"text-align: center;\"><span style=\"color: #ff0000;\"><a href=\"http:\/\/feuerwehr-weserdeich.de\/wp-content\/uploads\/2018\/11\/Antrag.pdf\" target=\"_blank\" rel=\"noopener\"><strong><span style=\"color: #ff0000;\">Aufnahmeantrag<\/span><\/strong><\/a><\/span><\/p>\n<p style=\"text-align: center;\"><span style=\"color: #ff0000;\"><a style=\"color: #ff0000;\" href=\"http:\/\/feuerwehr-weserdeich.de\/wp-content\/uploads\/2018\/11\/Foto_Film.pdf\" target=\"_blank\" rel=\"noopener\"><strong>Einverst\u00e4ndniserkl\u00e4rung &#8211; Foto_Film<\/strong><\/a><\/span><\/p>\n<p>&nbsp;<\/p>\n","protected":false},"excerpt":{"rendered":"<p>&nbsp; Liebe Eltern, auf diesem Weg gibt es von uns einige Informationen zur Kinderfeuerwehr Weserdeich. Die Kinderfeuerwehr findet im Feuerwehrhaus Weserdeich erstmals am 11.09.2015 in der Zeit von 17 \u2013 18.30 Uhr statt. Die weiteren Termine k\u00f6nnen der Rubrik \u201eTermine\u201c im Bereich \u201eKinderfeuerwehr\u201c eingesehen werden. Soweit unsere Planung es zul\u00e4sst, werden wir auch die geplanten &hellip; <a href=\"https:\/\/feuerwehr-weserdeich.de\/?page_id=41\" class=\"more-link\"><span class=\"screen-reader-text\">Kinderfeuerwehr<\/span> weiterlesen<\/a><\/p>\n","protected":false},"author":1,"featured_media":0,"parent":0,"menu_order":0,"comment_status":"closed","ping_status":"closed","template":"","meta":{"footnotes":""},"_links":{"self":[{"href":"https:\/\/feuerwehr-weserdeich.de\/index.php?rest_route=\/wp\/v2\/pages\/41"}],"collection":[{"href":"https:\/\/feuerwehr-weserdeich.de\/index.php?rest_route=\/wp\/v2\/pages"}],"about":[{"href":"https:\/\/feuerwehr-weserdeich.de\/index.php?rest_route=\/wp\/v2\/types\/page"}],"author":[{"embeddable":true,"href":"https:\/\/feuerwehr-weserdeich.de\/index.php?rest_route=\/wp\/v2\/users\/1"}],"replies":[{"embeddable":true,"href":"https:\/\/feuerwehr-weserdeich.de\/index.php?rest_route=%2Fwp%2Fv2%2Fcomments&post=41"}],"version-history":[{"count":19,"href":"https:\/\/feuerwehr-weserdeich.de\/index.php?rest_route=\/wp\/v2\/pages\/41\/revisions"}],"predecessor-version":[{"id":163,"href":"https:\/\/feuerwehr-weserdeich.de\/index.php?rest_route=\/wp\/v2\/pages\/41\/revisions\/163"}],"wp:attachment":[{"href":"https:\/\/feuerwehr-weserdeich.de\/index.php?rest_route=%2Fwp%2Fv2%2Fmedia&parent=41"}],"curies":[{"name":"wp","href":"https:\/\/api.w.org\/{rel}","templated":true}]}}