{"id":37,"date":"2018-11-12T15:23:09","date_gmt":"2018-11-12T15:23:09","guid":{"rendered":"http:\/\/feuerwehr-weserdeich.de\/?page_id=37"},"modified":"2024-02-16T16:56:45","modified_gmt":"2024-02-16T16:56:45","slug":"foerderverein","status":"publish","type":"page","link":"http:\/\/feuerwehr-weserdeich.de\/?page_id=37","title":{"rendered":"F\u00f6rderverein"},"content":{"rendered":"<p>E-Mail:<a href=\"mailto:foerderverein@feuerwehr-weserdeich.de\"> foerderverein@feuerwehr-weserdeich.de<\/a><\/p>\n<p>1. Vorsitzender Ralf R.<br \/>\n2. Vorsitzender Gerold Schl\u00f6telburg<br \/>\nRechnungsf\u00fchrer Pia L\u00fcbben<br \/>\nSchriftf\u00fchrerin Sabine Schl\u00f6telburg<\/p>\n<p>Tr\u00e4ger der Feuerwehr ist die Kommune, bei uns die Gemeinde Berne. Leider muss sich diese auf die gesetzlichen Vorgaben beschr\u00e4nken, die in Deutschland und Nds. f\u00fcr die Finanzierung von Freiwilligen Feuerwehren gelten. Zus\u00e4tzliche und sehr sinnvolle Anschaffungen k\u00f6nnen deshalb nicht get\u00e4tigt werden. Hier m\u00f6chte nun der F\u00f6rderverein t\u00e4tig werden, um Anschaffungen oder zus\u00e4tzliche Ausbildungen zu erm\u00f6glichen, die die Effektivit\u00e4t der Brandbek\u00e4mpfung und der technische Hilfeleistung steigern.<br \/>\nSie wollen uns hierbei unterst\u00fctzen? Dann setzen Sie sich mit uns unter der o.a. E-Mail Anschrift<br \/>\noder telefonisch in Verbindung (Ralf R. 04406\/957626 o. 04406\/9190640<br \/>\nund Gerold Schl\u00f6telburg 04406\/1533).<\/p>\n<p>Gerne sind wir nat\u00fcrlich auch zu pers\u00f6nlichen Gespr\u00e4chen bereit, um mit Ihnen gemeinsam die Unterst\u00fctzungsm\u00f6glichkeiten zu er\u00f6rtern<\/p>\n<h6 style=\"text-align: center;\"><span style=\"color: #ff0000;\">Formulare zum herunterladen<\/span><\/h6>\n<p style=\"text-align: center;\"><a href=\"http:\/\/feuerwehr-weserdeich.de\/wp-content\/uploads\/2018\/11\/Beitrittserkl\u00e4rung-2017.pdf\" target=\"_blank\" rel=\"noopener\">Beitrittserkl\u00e4rung<\/a><\/p>\n<p style=\"text-align: center;\"><a href=\"http:\/\/feuerwehr-weserdeich.de\/wp-content\/uploads\/2018\/11\/Einzugsermaechtigung-2016.pdf\" target=\"_blank\" rel=\"noopener\">Zuwendungen<\/a><\/p>\n<p style=\"text-align: center;\"><a href=\"http:\/\/feuerwehr-weserdeich.de\/wp-content\/uploads\/2018\/11\/Satzung-vom-08072016.pdf\" target=\"_blank\" rel=\"noopener\">Satzung<\/a><\/p>\n","protected":false},"excerpt":{"rendered":"<p>E-Mail: foerderverein@feuerwehr-weserdeich.de 1. Vorsitzender Ralf R. 2. Vorsitzender Gerold Schl\u00f6telburg Rechnungsf\u00fchrer Pia L\u00fcbben Schriftf\u00fchrerin Sabine Schl\u00f6telburg Tr\u00e4ger der Feuerwehr ist die Kommune, bei uns die Gemeinde Berne. Leider muss sich diese auf die gesetzlichen Vorgaben beschr\u00e4nken, die in Deutschland und Nds. f\u00fcr die Finanzierung von Freiwilligen Feuerwehren gelten. Zus\u00e4tzliche und sehr sinnvolle Anschaffungen k\u00f6nnen deshalb &hellip; <a href=\"http:\/\/feuerwehr-weserdeich.de\/?page_id=37\" class=\"more-link\"><span class=\"screen-reader-text\">F\u00f6rderverein<\/span> weiterlesen<\/a><\/p>\n","protected":false},"author":1,"featured_media":0,"parent":0,"menu_order":0,"comment_status":"closed","ping_status":"closed","template":"","meta":{"footnotes":""},"_links":{"self":[{"href":"http:\/\/feuerwehr-weserdeich.de\/index.php?rest_route=\/wp\/v2\/pages\/37"}],"collection":[{"href":"http:\/\/feuerwehr-weserdeich.de\/index.php?rest_route=\/wp\/v2\/pages"}],"about":[{"href":"http:\/\/feuerwehr-weserdeich.de\/index.php?rest_route=\/wp\/v2\/types\/page"}],"author":[{"embeddable":true,"href":"http:\/\/feuerwehr-weserdeich.de\/index.php?rest_route=\/wp\/v2\/users\/1"}],"replies":[{"embeddable":true,"href":"http:\/\/feuerwehr-weserdeich.de\/index.php?rest_route=%2Fwp%2Fv2%2Fcomments&post=37"}],"version-history":[{"count":19,"href":"http:\/\/feuerwehr-weserdeich.de\/index.php?rest_route=\/wp\/v2\/pages\/37\/revisions"}],"predecessor-version":[{"id":303,"href":"http:\/\/feuerwehr-weserdeich.de\/index.php?rest_route=\/wp\/v2\/pages\/37\/revisions\/303"}],"wp:attachment":[{"href":"http:\/\/feuerwehr-weserdeich.de\/index.php?rest_route=%2Fwp%2Fv2%2Fmedia&parent=37"}],"curies":[{"name":"wp","href":"https:\/\/api.w.org\/{rel}","templated":true}]}}